{"id":1269,"date":"2020-09-03T18:24:57","date_gmt":"2020-09-03T18:24:57","guid":{"rendered":"http:\/\/josekrijnen.nl\/?page_id=1269"},"modified":"2023-10-14T17:16:25","modified_gmt":"2023-10-14T17:16:25","slug":"ganesh-gospel","status":"publish","type":"page","link":"https:\/\/josekrijnen.nl\/?page_id=1269","title":{"rendered":"Ganesh gospel"},"content":{"rendered":"<style>.wp-block-kadence-advancedgallery .kb-gallery-type-grid.kb-gallery-id-1269_1baabf-12{margin:-5px;}.kb-gallery-type-grid.kb-gallery-id-1269_1baabf-12 .kadence-blocks-gallery-item{padding:5px;}.kb-gallery-id-1269_1baabf-12 .kadence-blocks-gallery-item .kb-gal-image-radius, .kb-gallery-id-1269_1baabf-12 .kb-slide-item .kb-gal-image-radius img{border-radius:3px 3px 3px 3px;;}<\/style><div class=\"kb-gallery-wrap-id-1269_1baabf-12 alignnone wp-block-kadence-advancedgallery\"><ul class=\"kb-gallery-ul kb-gallery-non-static kb-gallery-type-grid kb-gallery-id-1269_1baabf-12 kb-gallery-caption-style-bottom-hover kb-gallery-filter-none kb-gallery-magnific-init\" data-image-filter=\"none\" data-item-selector=\".kadence-blocks-gallery-item\" data-lightbox-caption=\"true\" data-columns-xxl=\"3\" data-columns-xl=\"3\" data-columns-md=\"3\" data-columns-sm=\"2\" data-columns-xs=\"1\" data-columns-ss=\"1\"><li class=\"kadence-blocks-gallery-item\"><div class=\"kadence-blocks-gallery-item-inner\"><figure class=\"kb-gallery-figure kb-gallery-item-has-link kadence-blocks-gallery-item-hide-caption\"><a href=\"https:\/\/josekrijnen.nl\/wp-content\/uploads\/2020\/09\/Ganesh-Gospel1_Jose_Krijnen-.jpg\" data-description=\"Ganesh Gospel, pencil on paper 70 x 100 cm. 2017\" class=\"kb-gallery-item-link\"   role=\"button\" aria-haspopup=\"dialog\"><div class=\"kb-gal-image-radius\"><div class=\"kb-gallery-image-contain kadence-blocks-gallery-intrinsic kb-gallery-image-ratio-square kb-has-image-ratio-square\" ><img loading=\"lazy\" decoding=\"async\" src=\"https:\/\/josekrijnen.nl\/wp-content\/uploads\/2020\/09\/Ganesh-Gospel1_Jose_Krijnen--300x204.jpg\" width=\"300\" height=\"204\" alt=\"\" data-full-image=\"https:\/\/josekrijnen.nl\/wp-content\/uploads\/2020\/09\/Ganesh-Gospel1_Jose_Krijnen-.jpg\" data-light-image=\"https:\/\/josekrijnen.nl\/wp-content\/uploads\/2020\/09\/Ganesh-Gospel1_Jose_Krijnen-.jpg\" data-id=\"1271\" class=\"wp-image-1271\" srcset=\"https:\/\/josekrijnen.nl\/wp-content\/uploads\/2020\/09\/Ganesh-Gospel1_Jose_Krijnen--300x204.jpg 300w, https:\/\/josekrijnen.nl\/wp-content\/uploads\/2020\/09\/Ganesh-Gospel1_Jose_Krijnen--1024x697.jpg 1024w, https:\/\/josekrijnen.nl\/wp-content\/uploads\/2020\/09\/Ganesh-Gospel1_Jose_Krijnen--768x523.jpg 768w, https:\/\/josekrijnen.nl\/wp-content\/uploads\/2020\/09\/Ganesh-Gospel1_Jose_Krijnen-.jpg 1125w\" sizes=\"auto, (max-width: 300px) 100vw, 300px\" \/><\/div><\/div><\/a><\/figure><\/div><\/li><li class=\"kadence-blocks-gallery-item\"><div class=\"kadence-blocks-gallery-item-inner\"><figure class=\"kb-gallery-figure kb-gallery-item-has-link kadence-blocks-gallery-item-hide-caption\"><a href=\"https:\/\/josekrijnen.nl\/wp-content\/uploads\/2020\/09\/Ganesh-Gospel2_Jose_Krijnen.jpg\" data-description=\"Ganesh Gospel, pencil on paper 70 x 100 cm. 2017\" class=\"kb-gallery-item-link\"   role=\"button\" aria-haspopup=\"dialog\"><div class=\"kb-gal-image-radius\"><div class=\"kb-gallery-image-contain kadence-blocks-gallery-intrinsic kb-gallery-image-ratio-square kb-has-image-ratio-square\" ><img loading=\"lazy\" decoding=\"async\" src=\"https:\/\/josekrijnen.nl\/wp-content\/uploads\/2020\/09\/Ganesh-Gospel2_Jose_Krijnen-300x207.jpg\" width=\"300\" height=\"207\" alt=\"\" data-full-image=\"https:\/\/josekrijnen.nl\/wp-content\/uploads\/2020\/09\/Ganesh-Gospel2_Jose_Krijnen.jpg\" data-light-image=\"https:\/\/josekrijnen.nl\/wp-content\/uploads\/2020\/09\/Ganesh-Gospel2_Jose_Krijnen.jpg\" data-id=\"1273\" class=\"wp-image-1273\" srcset=\"https:\/\/josekrijnen.nl\/wp-content\/uploads\/2020\/09\/Ganesh-Gospel2_Jose_Krijnen-300x207.jpg 300w, https:\/\/josekrijnen.nl\/wp-content\/uploads\/2020\/09\/Ganesh-Gospel2_Jose_Krijnen-1024x706.jpg 1024w, https:\/\/josekrijnen.nl\/wp-content\/uploads\/2020\/09\/Ganesh-Gospel2_Jose_Krijnen-768x530.jpg 768w, https:\/\/josekrijnen.nl\/wp-content\/uploads\/2020\/09\/Ganesh-Gospel2_Jose_Krijnen.jpg 1125w\" sizes=\"auto, (max-width: 300px) 100vw, 300px\" \/><\/div><\/div><\/a><\/figure><\/div><\/li><li class=\"kadence-blocks-gallery-item\"><div class=\"kadence-blocks-gallery-item-inner\"><figure class=\"kb-gallery-figure kb-gallery-item-has-link kadence-blocks-gallery-item-hide-caption\"><a href=\"https:\/\/josekrijnen.nl\/wp-content\/uploads\/2020\/09\/Ganesh-Gospel3_Jose_Krijnen.jpg\" data-description=\"Ganesh Gospel, pencil on paper 70 x 100 cm. 2017\" class=\"kb-gallery-item-link\"   role=\"button\" aria-haspopup=\"dialog\"><div class=\"kb-gal-image-radius\"><div class=\"kb-gallery-image-contain kadence-blocks-gallery-intrinsic kb-gallery-image-ratio-square kb-has-image-ratio-square\" ><img loading=\"lazy\" decoding=\"async\" src=\"https:\/\/josekrijnen.nl\/wp-content\/uploads\/2020\/09\/Ganesh-Gospel3_Jose_Krijnen-300x209.jpg\" width=\"300\" height=\"209\" alt=\"\" data-full-image=\"https:\/\/josekrijnen.nl\/wp-content\/uploads\/2020\/09\/Ganesh-Gospel3_Jose_Krijnen.jpg\" data-light-image=\"https:\/\/josekrijnen.nl\/wp-content\/uploads\/2020\/09\/Ganesh-Gospel3_Jose_Krijnen.jpg\" data-id=\"1274\" class=\"wp-image-1274\" srcset=\"https:\/\/josekrijnen.nl\/wp-content\/uploads\/2020\/09\/Ganesh-Gospel3_Jose_Krijnen-300x209.jpg 300w, https:\/\/josekrijnen.nl\/wp-content\/uploads\/2020\/09\/Ganesh-Gospel3_Jose_Krijnen-1024x714.jpg 1024w, https:\/\/josekrijnen.nl\/wp-content\/uploads\/2020\/09\/Ganesh-Gospel3_Jose_Krijnen-768x535.jpg 768w, https:\/\/josekrijnen.nl\/wp-content\/uploads\/2020\/09\/Ganesh-Gospel3_Jose_Krijnen.jpg 1125w\" sizes=\"auto, (max-width: 300px) 100vw, 300px\" \/><\/div><\/div><\/a><\/figure><\/div><\/li><li class=\"kadence-blocks-gallery-item\"><div class=\"kadence-blocks-gallery-item-inner\"><figure class=\"kb-gallery-figure kb-gallery-item-has-link kadence-blocks-gallery-item-hide-caption\"><a href=\"https:\/\/josekrijnen.nl\/wp-content\/uploads\/2020\/09\/Ganesh-Gospel4_Jose_Krijnen.jpg\" data-description=\"Ganesh Gospel, pencil on paper 70 x 100 cm. 2017\" class=\"kb-gallery-item-link\"   role=\"button\" aria-haspopup=\"dialog\"><div class=\"kb-gal-image-radius\"><div class=\"kb-gallery-image-contain kadence-blocks-gallery-intrinsic kb-gallery-image-ratio-square kb-has-image-ratio-square\" ><img loading=\"lazy\" decoding=\"async\" src=\"https:\/\/josekrijnen.nl\/wp-content\/uploads\/2020\/09\/Ganesh-Gospel4_Jose_Krijnen-300x209.jpg\" width=\"300\" height=\"209\" alt=\"\" data-full-image=\"https:\/\/josekrijnen.nl\/wp-content\/uploads\/2020\/09\/Ganesh-Gospel4_Jose_Krijnen.jpg\" data-light-image=\"https:\/\/josekrijnen.nl\/wp-content\/uploads\/2020\/09\/Ganesh-Gospel4_Jose_Krijnen.jpg\" data-id=\"1275\" class=\"wp-image-1275\" srcset=\"https:\/\/josekrijnen.nl\/wp-content\/uploads\/2020\/09\/Ganesh-Gospel4_Jose_Krijnen-300x209.jpg 300w, https:\/\/josekrijnen.nl\/wp-content\/uploads\/2020\/09\/Ganesh-Gospel4_Jose_Krijnen-1024x715.jpg 1024w, https:\/\/josekrijnen.nl\/wp-content\/uploads\/2020\/09\/Ganesh-Gospel4_Jose_Krijnen-768x536.jpg 768w, https:\/\/josekrijnen.nl\/wp-content\/uploads\/2020\/09\/Ganesh-Gospel4_Jose_Krijnen.jpg 1125w\" sizes=\"auto, (max-width: 300px) 100vw, 300px\" \/><\/div><\/div><\/a><\/figure><\/div><\/li><li class=\"kadence-blocks-gallery-item\"><div class=\"kadence-blocks-gallery-item-inner\"><figure class=\"kb-gallery-figure kb-gallery-item-has-link kadence-blocks-gallery-item-hide-caption\"><a href=\"https:\/\/josekrijnen.nl\/wp-content\/uploads\/2020\/09\/Ganesh-Gospel5_Jose_Krijnen.jpg\" data-description=\"Ganesh Gospel, pencil on paper 70 x 100 cm. 2017\" class=\"kb-gallery-item-link\"   role=\"button\" aria-haspopup=\"dialog\"><div class=\"kb-gal-image-radius\"><div class=\"kb-gallery-image-contain kadence-blocks-gallery-intrinsic kb-gallery-image-ratio-square kb-has-image-ratio-square\" ><img loading=\"lazy\" decoding=\"async\" src=\"https:\/\/josekrijnen.nl\/wp-content\/uploads\/2020\/09\/Ganesh-Gospel5_Jose_Krijnen-300x202.jpg\" width=\"300\" height=\"202\" alt=\"\" data-full-image=\"https:\/\/josekrijnen.nl\/wp-content\/uploads\/2020\/09\/Ganesh-Gospel5_Jose_Krijnen.jpg\" data-light-image=\"https:\/\/josekrijnen.nl\/wp-content\/uploads\/2020\/09\/Ganesh-Gospel5_Jose_Krijnen.jpg\" data-id=\"1276\" class=\"wp-image-1276\" srcset=\"https:\/\/josekrijnen.nl\/wp-content\/uploads\/2020\/09\/Ganesh-Gospel5_Jose_Krijnen-300x202.jpg 300w, https:\/\/josekrijnen.nl\/wp-content\/uploads\/2020\/09\/Ganesh-Gospel5_Jose_Krijnen-1024x690.jpg 1024w, https:\/\/josekrijnen.nl\/wp-content\/uploads\/2020\/09\/Ganesh-Gospel5_Jose_Krijnen-768x517.jpg 768w, https:\/\/josekrijnen.nl\/wp-content\/uploads\/2020\/09\/Ganesh-Gospel5_Jose_Krijnen.jpg 1125w\" sizes=\"auto, (max-width: 300px) 100vw, 300px\" \/><\/div><\/div><\/a><\/figure><\/div><\/li><li class=\"kadence-blocks-gallery-item\"><div class=\"kadence-blocks-gallery-item-inner\"><figure class=\"kb-gallery-figure kb-gallery-item-has-link kadence-blocks-gallery-item-hide-caption\"><a href=\"https:\/\/josekrijnen.nl\/wp-content\/uploads\/2020\/09\/Ganesh-Gospel6_Jose_Krijnen.jpg\" data-description=\"Ganesh Gospel, pencil on paper 70 x 100 cm. 2017\" class=\"kb-gallery-item-link\"   role=\"button\" aria-haspopup=\"dialog\"><div class=\"kb-gal-image-radius\"><div class=\"kb-gallery-image-contain kadence-blocks-gallery-intrinsic kb-gallery-image-ratio-square kb-has-image-ratio-square\" ><img loading=\"lazy\" decoding=\"async\" src=\"https:\/\/josekrijnen.nl\/wp-content\/uploads\/2020\/09\/Ganesh-Gospel6_Jose_Krijnen-300x253.jpg\" width=\"300\" height=\"253\" alt=\"\" data-full-image=\"https:\/\/josekrijnen.nl\/wp-content\/uploads\/2020\/09\/Ganesh-Gospel6_Jose_Krijnen.jpg\" data-light-image=\"https:\/\/josekrijnen.nl\/wp-content\/uploads\/2020\/09\/Ganesh-Gospel6_Jose_Krijnen.jpg\" data-id=\"1277\" class=\"wp-image-1277\" srcset=\"https:\/\/josekrijnen.nl\/wp-content\/uploads\/2020\/09\/Ganesh-Gospel6_Jose_Krijnen-300x253.jpg 300w, https:\/\/josekrijnen.nl\/wp-content\/uploads\/2020\/09\/Ganesh-Gospel6_Jose_Krijnen-1024x863.jpg 1024w, https:\/\/josekrijnen.nl\/wp-content\/uploads\/2020\/09\/Ganesh-Gospel6_Jose_Krijnen-768x647.jpg 768w, https:\/\/josekrijnen.nl\/wp-content\/uploads\/2020\/09\/Ganesh-Gospel6_Jose_Krijnen.jpg 1125w\" sizes=\"auto, (max-width: 300px) 100vw, 300px\" \/><\/div><\/div><\/a><\/figure><\/div><\/li><li class=\"kadence-blocks-gallery-item\"><div class=\"kadence-blocks-gallery-item-inner\"><figure class=\"kb-gallery-figure kb-gallery-item-has-link kadence-blocks-gallery-item-hide-caption\"><a href=\"https:\/\/josekrijnen.nl\/wp-content\/uploads\/2020\/09\/Ganesh-Gospel-100x70cm.-potlood-op-papier-2017_Jose_Krijnen-.jpg\" data-description=\"Ganesh Gospel, pencil on paper 100  x 70 cm. 2017\" class=\"kb-gallery-item-link\"   role=\"button\" aria-haspopup=\"dialog\"><div class=\"kb-gal-image-radius\"><div class=\"kb-gallery-image-contain kadence-blocks-gallery-intrinsic kb-gallery-image-ratio-square kb-has-image-ratio-square\" ><img loading=\"lazy\" decoding=\"async\" src=\"https:\/\/josekrijnen.nl\/wp-content\/uploads\/2020\/09\/Ganesh-Gospel-100x70cm.-potlood-op-papier-2017_Jose_Krijnen--218x300.jpg\" width=\"218\" height=\"300\" alt=\"\" data-full-image=\"https:\/\/josekrijnen.nl\/wp-content\/uploads\/2020\/09\/Ganesh-Gospel-100x70cm.-potlood-op-papier-2017_Jose_Krijnen-.jpg\" data-light-image=\"https:\/\/josekrijnen.nl\/wp-content\/uploads\/2020\/09\/Ganesh-Gospel-100x70cm.-potlood-op-papier-2017_Jose_Krijnen-.jpg\" data-id=\"1270\" class=\"wp-image-1270\" srcset=\"https:\/\/josekrijnen.nl\/wp-content\/uploads\/2020\/09\/Ganesh-Gospel-100x70cm.-potlood-op-papier-2017_Jose_Krijnen--218x300.jpg 218w, https:\/\/josekrijnen.nl\/wp-content\/uploads\/2020\/09\/Ganesh-Gospel-100x70cm.-potlood-op-papier-2017_Jose_Krijnen--744x1024.jpg 744w, https:\/\/josekrijnen.nl\/wp-content\/uploads\/2020\/09\/Ganesh-Gospel-100x70cm.-potlood-op-papier-2017_Jose_Krijnen--768x1058.jpg 768w, https:\/\/josekrijnen.nl\/wp-content\/uploads\/2020\/09\/Ganesh-Gospel-100x70cm.-potlood-op-papier-2017_Jose_Krijnen-.jpg 817w\" sizes=\"auto, (max-width: 218px) 100vw, 218px\" \/><\/div><\/div><\/a><\/figure><\/div><\/li><li class=\"kadence-blocks-gallery-item\"><div class=\"kadence-blocks-gallery-item-inner\"><figure class=\"kb-gallery-figure kb-gallery-item-has-link kadence-blocks-gallery-item-hide-caption\"><a href=\"https:\/\/josekrijnen.nl\/wp-content\/uploads\/2020\/09\/Ganesj-Gospel-potlood-op-papier-100x70cm.-ArtiAmiticae_2018-_JK-scaled.jpg\" data-description=\"Arti &amp; Amicitiae 2018. Update.\" class=\"kb-gallery-item-link\"   role=\"button\" aria-haspopup=\"dialog\"><div class=\"kb-gal-image-radius\"><div class=\"kb-gallery-image-contain kadence-blocks-gallery-intrinsic kb-gallery-image-ratio-square kb-has-image-ratio-square\" ><img loading=\"lazy\" decoding=\"async\" src=\"https:\/\/josekrijnen.nl\/wp-content\/uploads\/2020\/09\/Ganesj-Gospel-potlood-op-papier-100x70cm.-ArtiAmiticae_2018-_JK-300x200.jpg\" width=\"300\" height=\"200\" alt=\"\" data-full-image=\"https:\/\/josekrijnen.nl\/wp-content\/uploads\/2020\/09\/Ganesj-Gospel-potlood-op-papier-100x70cm.-ArtiAmiticae_2018-_JK-scaled.jpg\" data-light-image=\"https:\/\/josekrijnen.nl\/wp-content\/uploads\/2020\/09\/Ganesj-Gospel-potlood-op-papier-100x70cm.-ArtiAmiticae_2018-_JK-scaled.jpg\" data-id=\"1278\" class=\"wp-image-1278\" srcset=\"https:\/\/josekrijnen.nl\/wp-content\/uploads\/2020\/09\/Ganesj-Gospel-potlood-op-papier-100x70cm.-ArtiAmiticae_2018-_JK-300x200.jpg 300w, https:\/\/josekrijnen.nl\/wp-content\/uploads\/2020\/09\/Ganesj-Gospel-potlood-op-papier-100x70cm.-ArtiAmiticae_2018-_JK-1024x683.jpg 1024w, https:\/\/josekrijnen.nl\/wp-content\/uploads\/2020\/09\/Ganesj-Gospel-potlood-op-papier-100x70cm.-ArtiAmiticae_2018-_JK-768x512.jpg 768w, https:\/\/josekrijnen.nl\/wp-content\/uploads\/2020\/09\/Ganesj-Gospel-potlood-op-papier-100x70cm.-ArtiAmiticae_2018-_JK-1536x1024.jpg 1536w, https:\/\/josekrijnen.nl\/wp-content\/uploads\/2020\/09\/Ganesj-Gospel-potlood-op-papier-100x70cm.-ArtiAmiticae_2018-_JK-2048x1365.jpg 2048w\" sizes=\"auto, (max-width: 300px) 100vw, 300px\" \/><\/div><\/div><\/a><\/figure><\/div><\/li><\/ul><\/div>\n\n\n<p><\/p>\n","protected":false},"excerpt":{"rendered":"","protected":false},"author":1,"featured_media":0,"parent":0,"menu_order":0,"comment_status":"closed","ping_status":"closed","template":"","meta":{"footnotes":""},"class_list":["post-1269","page","type-page","status-publish"],"yoast_head":"<!-- This site is optimized with the Yoast SEO plugin v27.4 - https:\/\/yoast.com\/product\/yoast-seo-wordpress\/ -->\n<title>Ganesh gospel - Jos\u00e9 Krijnen ganesh-gospel pencil drawing Jos\u00e9 Krijnen<\/title>\n<meta name=\"description\" content=\"ganesh-gospel pencil drawing Jos\u00e9 Krijnen. Cropped people in detailed drawn surroundings based on a visit of Catholic Poland.\" \/>\n<meta name=\"robots\" content=\"index, follow, max-snippet:-1, max-image-preview:large, max-video-preview:-1\" \/>\n<link rel=\"canonical\" href=\"https:\/\/josekrijnen.nl\/?page_id=1269\" \/>\n<meta property=\"og:locale\" content=\"nl_NL\" \/>\n<meta property=\"og:type\" content=\"article\" \/>\n<meta property=\"og:title\" content=\"Ganesh gospel - Jos\u00e9 Krijnen ganesh-gospel pencil drawing Jos\u00e9 Krijnen\" \/>\n<meta property=\"og:description\" content=\"ganesh-gospel pencil drawing Jos\u00e9 Krijnen. Cropped people in detailed drawn surroundings based on a visit of Catholic Poland.\" \/>\n<meta property=\"og:url\" content=\"https:\/\/josekrijnen.nl\/?page_id=1269\" \/>\n<meta property=\"og:site_name\" content=\"Jos\u00e9 Krijnen\" \/>\n<meta property=\"article:publisher\" content=\"https:\/\/www.facebook.com\/jose.krijnen.3\/\" \/>\n<meta property=\"article:modified_time\" content=\"2023-10-14T17:16:25+00:00\" \/>\n<meta name=\"twitter:card\" content=\"summary_large_image\" \/>\n<script type=\"application\/ld+json\" class=\"yoast-schema-graph\">{\"@context\":\"https:\\\/\\\/schema.org\",\"@graph\":[{\"@type\":\"WebPage\",\"@id\":\"https:\\\/\\\/josekrijnen.nl\\\/?page_id=1269\",\"url\":\"https:\\\/\\\/josekrijnen.nl\\\/?page_id=1269\",\"name\":\"Ganesh gospel - Jos\u00e9 Krijnen ganesh-gospel pencil drawing Jos\u00e9 Krijnen\",\"isPartOf\":{\"@id\":\"https:\\\/\\\/josekrijnen.nl\\\/#website\"},\"datePublished\":\"2020-09-03T18:24:57+00:00\",\"dateModified\":\"2023-10-14T17:16:25+00:00\",\"description\":\"ganesh-gospel pencil drawing Jos\u00e9 Krijnen. Cropped people in detailed drawn surroundings based on a visit of Catholic Poland.\",\"breadcrumb\":{\"@id\":\"https:\\\/\\\/josekrijnen.nl\\\/?page_id=1269#breadcrumb\"},\"inLanguage\":\"nl-NL\",\"potentialAction\":[{\"@type\":\"ReadAction\",\"target\":[\"https:\\\/\\\/josekrijnen.nl\\\/?page_id=1269\"]}]},{\"@type\":\"BreadcrumbList\",\"@id\":\"https:\\\/\\\/josekrijnen.nl\\\/?page_id=1269#breadcrumb\",\"itemListElement\":[{\"@type\":\"ListItem\",\"position\":1,\"name\":\"Home\",\"item\":\"https:\\\/\\\/josekrijnen.nl\\\/\"},{\"@type\":\"ListItem\",\"position\":2,\"name\":\"Ganesh gospel\"}]},{\"@type\":\"WebSite\",\"@id\":\"https:\\\/\\\/josekrijnen.nl\\\/#website\",\"url\":\"https:\\\/\\\/josekrijnen.nl\\\/\",\"name\":\"Jos\u00e9 Krijnen\",\"description\":\"visual artist\",\"publisher\":{\"@id\":\"https:\\\/\\\/josekrijnen.nl\\\/#organization\"},\"potentialAction\":[{\"@type\":\"SearchAction\",\"target\":{\"@type\":\"EntryPoint\",\"urlTemplate\":\"https:\\\/\\\/josekrijnen.nl\\\/?s={search_term_string}\"},\"query-input\":{\"@type\":\"PropertyValueSpecification\",\"valueRequired\":true,\"valueName\":\"search_term_string\"}}],\"inLanguage\":\"nl-NL\"},{\"@type\":\"Organization\",\"@id\":\"https:\\\/\\\/josekrijnen.nl\\\/#organization\",\"name\":\"Jos\u00e9 Krijnen\",\"url\":\"https:\\\/\\\/josekrijnen.nl\\\/\",\"logo\":{\"@type\":\"ImageObject\",\"inLanguage\":\"nl-NL\",\"@id\":\"https:\\\/\\\/josekrijnen.nl\\\/#\\\/schema\\\/logo\\\/image\\\/\",\"url\":\"http:\\\/\\\/josekrijnen.nl\\\/wp-content\\\/uploads\\\/2020\\\/09\\\/20191011-Elvis-expositie_JB_56-klein-1.jpg\",\"contentUrl\":\"http:\\\/\\\/josekrijnen.nl\\\/wp-content\\\/uploads\\\/2020\\\/09\\\/20191011-Elvis-expositie_JB_56-klein-1.jpg\",\"width\":1701,\"height\":1134,\"caption\":\"Jos\u00e9 Krijnen\"},\"image\":{\"@id\":\"https:\\\/\\\/josekrijnen.nl\\\/#\\\/schema\\\/logo\\\/image\\\/\"},\"sameAs\":[\"https:\\\/\\\/www.facebook.com\\\/jose.krijnen.3\\\/\",\"https:\\\/\\\/www.instagram.com\\\/josekrijnen\\\/\",\"https:\\\/\\\/www.linkedin.com\\\/in\\\/josekrijnen\\\/?originalSubdomain=nl\"]}]}<\/script>\n<!-- \/ Yoast SEO plugin. -->","yoast_head_json":{"title":"Ganesh gospel - Jos\u00e9 Krijnen ganesh-gospel pencil drawing Jos\u00e9 Krijnen","description":"ganesh-gospel pencil drawing Jos\u00e9 Krijnen. Cropped people in detailed drawn surroundings based on a visit of Catholic Poland.","robots":{"index":"index","follow":"follow","max-snippet":"max-snippet:-1","max-image-preview":"max-image-preview:large","max-video-preview":"max-video-preview:-1"},"canonical":"https:\/\/josekrijnen.nl\/?page_id=1269","og_locale":"nl_NL","og_type":"article","og_title":"Ganesh gospel - Jos\u00e9 Krijnen ganesh-gospel pencil drawing Jos\u00e9 Krijnen","og_description":"ganesh-gospel pencil drawing Jos\u00e9 Krijnen. Cropped people in detailed drawn surroundings based on a visit of Catholic Poland.","og_url":"https:\/\/josekrijnen.nl\/?page_id=1269","og_site_name":"Jos\u00e9 Krijnen","article_publisher":"https:\/\/www.facebook.com\/jose.krijnen.3\/","article_modified_time":"2023-10-14T17:16:25+00:00","twitter_card":"summary_large_image","schema":{"@context":"https:\/\/schema.org","@graph":[{"@type":"WebPage","@id":"https:\/\/josekrijnen.nl\/?page_id=1269","url":"https:\/\/josekrijnen.nl\/?page_id=1269","name":"Ganesh gospel - Jos\u00e9 Krijnen ganesh-gospel pencil drawing Jos\u00e9 Krijnen","isPartOf":{"@id":"https:\/\/josekrijnen.nl\/#website"},"datePublished":"2020-09-03T18:24:57+00:00","dateModified":"2023-10-14T17:16:25+00:00","description":"ganesh-gospel pencil drawing Jos\u00e9 Krijnen. Cropped people in detailed drawn surroundings based on a visit of Catholic Poland.","breadcrumb":{"@id":"https:\/\/josekrijnen.nl\/?page_id=1269#breadcrumb"},"inLanguage":"nl-NL","potentialAction":[{"@type":"ReadAction","target":["https:\/\/josekrijnen.nl\/?page_id=1269"]}]},{"@type":"BreadcrumbList","@id":"https:\/\/josekrijnen.nl\/?page_id=1269#breadcrumb","itemListElement":[{"@type":"ListItem","position":1,"name":"Home","item":"https:\/\/josekrijnen.nl\/"},{"@type":"ListItem","position":2,"name":"Ganesh gospel"}]},{"@type":"WebSite","@id":"https:\/\/josekrijnen.nl\/#website","url":"https:\/\/josekrijnen.nl\/","name":"Jos\u00e9 Krijnen","description":"visual artist","publisher":{"@id":"https:\/\/josekrijnen.nl\/#organization"},"potentialAction":[{"@type":"SearchAction","target":{"@type":"EntryPoint","urlTemplate":"https:\/\/josekrijnen.nl\/?s={search_term_string}"},"query-input":{"@type":"PropertyValueSpecification","valueRequired":true,"valueName":"search_term_string"}}],"inLanguage":"nl-NL"},{"@type":"Organization","@id":"https:\/\/josekrijnen.nl\/#organization","name":"Jos\u00e9 Krijnen","url":"https:\/\/josekrijnen.nl\/","logo":{"@type":"ImageObject","inLanguage":"nl-NL","@id":"https:\/\/josekrijnen.nl\/#\/schema\/logo\/image\/","url":"http:\/\/josekrijnen.nl\/wp-content\/uploads\/2020\/09\/20191011-Elvis-expositie_JB_56-klein-1.jpg","contentUrl":"http:\/\/josekrijnen.nl\/wp-content\/uploads\/2020\/09\/20191011-Elvis-expositie_JB_56-klein-1.jpg","width":1701,"height":1134,"caption":"Jos\u00e9 Krijnen"},"image":{"@id":"https:\/\/josekrijnen.nl\/#\/schema\/logo\/image\/"},"sameAs":["https:\/\/www.facebook.com\/jose.krijnen.3\/","https:\/\/www.instagram.com\/josekrijnen\/","https:\/\/www.linkedin.com\/in\/josekrijnen\/?originalSubdomain=nl"]}]}},"_links":{"self":[{"href":"https:\/\/josekrijnen.nl\/index.php?rest_route=\/wp\/v2\/pages\/1269","targetHints":{"allow":["GET"]}}],"collection":[{"href":"https:\/\/josekrijnen.nl\/index.php?rest_route=\/wp\/v2\/pages"}],"about":[{"href":"https:\/\/josekrijnen.nl\/index.php?rest_route=\/wp\/v2\/types\/page"}],"author":[{"embeddable":true,"href":"https:\/\/josekrijnen.nl\/index.php?rest_route=\/wp\/v2\/users\/1"}],"replies":[{"embeddable":true,"href":"https:\/\/josekrijnen.nl\/index.php?rest_route=%2Fwp%2Fv2%2Fcomments&post=1269"}],"version-history":[{"count":15,"href":"https:\/\/josekrijnen.nl\/index.php?rest_route=\/wp\/v2\/pages\/1269\/revisions"}],"predecessor-version":[{"id":2142,"href":"https:\/\/josekrijnen.nl\/index.php?rest_route=\/wp\/v2\/pages\/1269\/revisions\/2142"}],"wp:attachment":[{"href":"https:\/\/josekrijnen.nl\/index.php?rest_route=%2Fwp%2Fv2%2Fmedia&parent=1269"}],"curies":[{"name":"wp","href":"https:\/\/api.w.org\/{rel}","templated":true}]}}